{"id":1139,"date":"2013-01-24T04:55:15","date_gmt":"2013-01-24T09:55:15","guid":{"rendered":"http:\/\/klodep.ca\/NZ2013.php\/?page_id=1139"},"modified":"2013-01-24T04:55:15","modified_gmt":"2013-01-24T09:55:15","slug":"plage-de-tamaki-drive","status":"publish","type":"page","link":"https:\/\/nz2013.klodep.ca\/wrdpnz2013\/?page_id=1139","title":{"rendered":"Plage de Tamaki Drive"},"content":{"rendered":"<p>Photos de la plage le long de la route <em>Tamaki Drive<\/em> lors de ma randonn\u00e9e en v\u00e9lo en banlieue de Auckland dimanche le 20 janvier. Une journ\u00e9e qui a d\u00e9but\u00e9 sous un mauvais temps mais qui s&rsquo;est termin\u00e9e par une journ\u00e9e ensoleill\u00e9e et chaude.<br \/>\n<script>\nfunction CommentPhoto(idphoto)\n{\ndocument.getElementById(\"comment\").innerHTML=idphoto;\n}\n<\/script><\/p>\n<div id='diaporama' style='text-align: right'>\n<a href='..\/k-php\/voir-photos.php?rep=k-photos&#038;voy=nz_2013&#038;jrs=04&#038;grd=g&#038;num=1'><button type='button' onclick=''>Diaporama<\/button><\/a>\n<\/div>\n<table style='width: 120%; background-color: white; border-style: none'>\n<tr>\n<td>\n<table style='background-color: #f9f9f9; font-weight: bold; color: black'>\n<tr>\n<td>\n<a href='..\/k-php\/voir-photos.php?rep=k-photos&#038;voy=nz_2013&#038;jrs=04&#038;grd=g&#038;num=1'><img style='margin-left: 10px; margin-right: 10px; border: 5px double black; background-color: white' src='..\/k-photos\/nz_2013\/j04_v\/KP20130120_123926C_123943C.jpg' alt='photo no 1' align=left><\/a><strong>#01 &#8211; Plage du Golfe de Hauraki<\/strong><\/br>Panoramique de la plage tout pr\u00e8s d&rsquo;une petite plage appel\u00e9e <i>Laidies Bay<\/i>.<\/p>\n<div id='photocom' style='text-align: right'><a href='#commentform' title='Commenter cette photo'><img src='..\/k-images\/comment-bubble.png' type='button' onclick='CommentPhoto(&#34; Photo #01 - Plage du Golfe de Hauraki&#34;)'><\/a><\/div>\n<\/td>\n<\/tr>\n<\/table>\n<table style='background-color: #f9f9f9; font-weight: bold; color: black'>\n<tr>\n<td>\n<a href='..\/k-php\/voir-photos.php?rep=k-photos&#038;voy=nz_2013&#038;jrs=04&#038;grd=g&#038;num=2'><img style='margin-left: 10px; margin-right: 10px; border: 5px double black; background-color: white' src='..\/k-photos\/nz_2013\/j04_v\/KP20130120_130545C_130559C.jpg' alt='photo no 2' align=left><\/a><strong>#02 &#8211; Plage du Golfe de Hauraki<\/strong><\/br>\u00c0 partir d&rsquo;un petit promontoir qui termine <i>Tamaki Drive<\/i>.<\/p>\n<div id='photocom' style='text-align: right'><a href='#commentform' title='Commenter cette photo'><img src='..\/k-images\/comment-bubble.png' type='button' onclick='CommentPhoto(&#34; Photo #02 - Plage du Golfe de Hauraki&#34;)'><\/a><\/div>\n<\/td>\n<\/tr>\n<\/table>\n<table style='background-color: #f9f9f9; font-weight: bold; color: black'>\n<tr>\n<td>\n<a href='..\/k-php\/voir-photos.php?rep=k-photos&#038;voy=nz_2013&#038;jrs=04&#038;grd=g&#038;num=3'><img style='margin-left: 10px; margin-right: 10px; border: 5px double black; background-color: white' src='..\/k-photos\/nz_2013\/j04_v\/KP20130120_161336C.JPG' alt='photo no 3' align=left><\/a><strong>#03 &#8211; Plage du Golfe de Hauraki<\/strong><\/br>Presque \u00e0 la fin de la route <i>Tamaki Drive<\/i> qui longe la plage.<\/p>\n<div id='photocom' style='text-align: right'><a href='#commentform' title='Commenter cette photo'><img src='..\/k-images\/comment-bubble.png' type='button' onclick='CommentPhoto(&#34; Photo #03 - Plage du Golfe de Hauraki&#34;)'><\/a><\/div>\n<\/td>\n<\/tr>\n<\/table>\n<table style='background-color: #f9f9f9; font-weight: bold; color: black'>\n<tr>\n<td>\n<a href='..\/k-php\/voir-photos.php?rep=k-photos&#038;voy=nz_2013&#038;jrs=04&#038;grd=g&#038;num=4'><img style='margin-left: 10px; margin-right: 10px; border: 5px double black; background-color: white' src='..\/k-photos\/nz_2013\/j04_v\/KP20130120_175834C.JPG' alt='photo no 4' align=left><\/a><strong>#04 &#8211; Plage du Golfe de Hauraki<\/strong><\/br>Au centre de la plage o\u00f9 se retrouvent la plupart des gens.<\/p>\n<div id='photocom' style='text-align: right'><a href='#commentform' title='Commenter cette photo'><img src='..\/k-images\/comment-bubble.png' type='button' onclick='CommentPhoto(&#34; Photo #04 - Plage du Golfe de Hauraki&#34;)'><\/a><\/div>\n<\/td>\n<\/tr>\n<\/table>\n<table style='background-color: #f9f9f9; font-weight: bold; color: black'>\n<tr>\n<td>\n<a href='..\/k-php\/voir-photos.php?rep=k-photos&#038;voy=nz_2013&#038;jrs=04&#038;grd=g&#038;num=5'><img style='margin-left: 10px; margin-right: 10px; border: 5px double black; background-color: white' src='..\/k-photos\/nz_2013\/j04_v\/KP20130120_180027C.JPG' alt='photo no 5' align=left><\/a><strong>#05 &#8211; Plage du Golfe de Hauraki<\/strong><\/br>Au centre de la plage o\u00f9 se retrouvent la plupart des gens.<\/p>\n<div id='photocom' style='text-align: right'><a href='#commentform' title='Commenter cette photo'><img src='..\/k-images\/comment-bubble.png' type='button' onclick='CommentPhoto(&#34; Photo #05 - Plage du Golfe de Hauraki&#34;)'><\/a><\/div>\n<\/td>\n<\/tr>\n<\/table>\n<\/td>\n<\/tr>\n<\/table>\n<p style='font-size: 12pt; font-style: bold; text-align: right; margin-right: 80px'><strong>&Eacute;dit&eacute; par: &#169; Klode P.<\/strong><\/p>\n","protected":false},"excerpt":{"rendered":"<p>Photos de la plage le long de la route Tamaki Drive lors de ma randonn\u00e9e en v\u00e9lo en banlieue de Auckland dimanche le 20 janvier. Une journ\u00e9e qui a d\u00e9but\u00e9 sous un mauvais temps mais qui s&rsquo;est termin\u00e9e par une &hellip; <a href=\"https:\/\/nz2013.klodep.ca\/wrdpnz2013\/?page_id=1139\">Continuer la lecture <span class=\"meta-nav\">&rarr;<\/span><\/a><\/p>\n","protected":false},"author":1,"featured_media":0,"parent":0,"menu_order":0,"comment_status":"open","ping_status":"closed","template":"","meta":{"footnotes":""},"class_list":["post-1139","page","type-page","status-publish","hentry"],"_links":{"self":[{"href":"https:\/\/nz2013.klodep.ca\/wrdpnz2013\/index.php?rest_route=\/wp\/v2\/pages\/1139","targetHints":{"allow":["GET"]}}],"collection":[{"href":"https:\/\/nz2013.klodep.ca\/wrdpnz2013\/index.php?rest_route=\/wp\/v2\/pages"}],"about":[{"href":"https:\/\/nz2013.klodep.ca\/wrdpnz2013\/index.php?rest_route=\/wp\/v2\/types\/page"}],"author":[{"embeddable":true,"href":"https:\/\/nz2013.klodep.ca\/wrdpnz2013\/index.php?rest_route=\/wp\/v2\/users\/1"}],"replies":[{"embeddable":true,"href":"https:\/\/nz2013.klodep.ca\/wrdpnz2013\/index.php?rest_route=%2Fwp%2Fv2%2Fcomments&post=1139"}],"version-history":[{"count":4,"href":"https:\/\/nz2013.klodep.ca\/wrdpnz2013\/index.php?rest_route=\/wp\/v2\/pages\/1139\/revisions"}],"predecessor-version":[{"id":1143,"href":"https:\/\/nz2013.klodep.ca\/wrdpnz2013\/index.php?rest_route=\/wp\/v2\/pages\/1139\/revisions\/1143"}],"wp:attachment":[{"href":"https:\/\/nz2013.klodep.ca\/wrdpnz2013\/index.php?rest_route=%2Fwp%2Fv2%2Fmedia&parent=1139"}],"curies":[{"name":"wp","href":"https:\/\/api.w.org\/{rel}","templated":true}]}}