{"id":1477,"date":"2013-02-06T04:24:14","date_gmt":"2013-02-06T09:24:14","guid":{"rendered":"http:\/\/klodep.ca\/NZ2013.php\/?page_id=1477"},"modified":"2013-02-17T03:34:42","modified_gmt":"2013-02-17T08:34:42","slug":"j15-randonnee-vers-le-mont-holdsworth","status":"publish","type":"page","link":"https:\/\/nz2013.klodep.ca\/wrdpnz2013\/?page_id=1477","title":{"rendered":"Randonn\u00e9e vers le mont Holdsworth"},"content":{"rendered":"<p>Photos prises le 31 janvier lors de ma randonn\u00e9e pour atteindre le sommet du mont Holdsworth \u00e0 1740 m\u00e8tres dans les <em>Tararua Range<\/em>.<\/p>\n<p><script>\nfunction CommentPhoto(idphoto)\n{\ndocument.getElementById(\"comment\").innerHTML=idphoto;\n}\n<\/script><\/p>\n<div id='diaporama' style='text-align: right'>\n<a href='..\/k-php\/voir-photos.php?rep=k-photos&#038;voy=nz_2013&#038;jrs=15&#038;grd=g&#038;num=1'><button type='button' onclick=''>Diaporama<\/button><\/a>\n<\/div>\n<table style='width: 120%; background-color: white; border-style: none'>\n<tr>\n<td>\n<table style='background-color: #f9f9f9; font-weight: bold; color: black'>\n<tr>\n<td>\n<a href='..\/k-php\/voir-photos.php?rep=k-photos&#038;voy=nz_2013&#038;jrs=15&#038;grd=g&#038;num=1'><img style='margin-left: 10px; margin-right: 10px; border: 5px double black; background-color: white' src='..\/k-photos\/nz_2013\/j15_v\/KP20130131_130824C_4.JPG' alt='photo no 1' align=left><\/a><strong>#01 &#8211; D\u00e9but du sentier<\/strong><\/br>Menant \u00e0 diff\u00e9rentes intersections de sentiers possibles dans ce parc.<\/p>\n<div id='photocom' style='text-align: right'><a href='#commentform' title='Commenter cette photo'><img src='..\/k-images\/comment-bubble.png' type='button' onclick='CommentPhoto(&#34; Photo #01 - D\u00e9but du sentier&#34;)'><\/a><\/div>\n<\/td>\n<\/tr>\n<\/table>\n<table style='background-color: #f9f9f9; font-weight: bold; color: black'>\n<tr>\n<td>\n<a href='..\/k-php\/voir-photos.php?rep=k-photos&#038;voy=nz_2013&#038;jrs=15&#038;grd=g&#038;num=2'><img style='margin-left: 10px; margin-right: 10px; border: 5px double black; background-color: white' src='..\/k-photos\/nz_2013\/j15_v\/KP20130131_142609C_142704C_4.jpg' alt='photo no 2' align=left><\/a><strong><\/br><\/br><\/br><\/br><\/br><\/br><\/br>&#8194;#02 &#8211; La r\u00e9gion autour du mont Holdsworth<\/strong><\/br>&#8194;Panorama pris \u00e0 partir de <em>Rocky lookout<\/em> o\u00f9 j&rsquo;ai d\u00fb rebrousser chemin devant la distance \u00e0<\/br>&#8194;parcourir pour me rendre au sommet.<\/p>\n<div id='photocom' style='text-align: right'><a href='#commentform' title='Commenter cette photo'><img src='..\/k-images\/comment-bubble.png' type='button' onclick='CommentPhoto(&#34; Photo &#34;)'><\/a><\/div>\n<\/td>\n<\/tr>\n<\/table>\n<table style='background-color: #f9f9f9; font-weight: bold; color: black'>\n<tr>\n<td>\n<a href='..\/k-php\/voir-photos.php?rep=k-photos&#038;voy=nz_2013&#038;jrs=15&#038;grd=g&#038;num=3'><img style='margin-left: 10px; margin-right: 10px; border: 5px double black; background-color: white' src='..\/k-photos\/nz_2013\/j15_v\/KP20130131_143126C_4.JPG' alt='photo no 3' align=left><\/a><strong>#03 &#8211; Auto-protrait<\/strong><\/br>Moi rendu \u00e0 la plate-forme de <em>Rocky lookout<\/em>.<\/p>\n<div id='photocom' style='text-align: right'><a href='#commentform' title='Commenter cette photo'><img src='..\/k-images\/comment-bubble.png' type='button' onclick='CommentPhoto(&#34; Photo #03 - Auto-protrait&#34;)'><\/a><\/div>\n<\/td>\n<\/tr>\n<\/table>\n<table style='background-color: #f9f9f9; font-weight: bold; color: black'>\n<tr>\n<td>\n<a href='..\/k-php\/voir-photos.php?rep=k-photos&#038;voy=nz_2013&#038;jrs=15&#038;grd=g&#038;num=4'><img style='margin-left: 10px; margin-right: 10px; border: 5px double black; background-color: white' src='..\/k-photos\/nz_2013\/j15_v\/KP20130131_143408C_4.JPG' alt='photo no 4' align=left><\/a><strong>#04 &#8211; Le mont Holdsworth, 1740m<\/strong><\/br>Le petit pic au loin, c&rsquo;est o\u00f9 je voulais me rendre dans ma journ\u00e9e, quitte \u00e0 y coucher.<\/br>La r\u00e9alit\u00e9 a pris le desssus.<\/p>\n<div id='photocom' style='text-align: right'><a href='#commentform' title='Commenter cette photo'><img src='..\/k-images\/comment-bubble.png' type='button' onclick='CommentPhoto(&#34; Photo #04 - Le mont Holdsworth, 1740m&#34;)'><\/a><\/div>\n<\/td>\n<\/tr>\n<\/table>\n<table style='background-color: #f9f9f9; font-weight: bold; color: black'>\n<tr>\n<td>\n<a href='..\/k-php\/voir-photos.php?rep=k-photos&#038;voy=nz_2013&#038;jrs=15&#038;grd=g&#038;num=5'><img style='margin-left: 10px; margin-right: 10px; border: 5px double black; background-color: white' src='..\/k-photos\/nz_2013\/j15_v\/KP20130131_145934C_4.JPG' alt='photo no 5' align=left><\/a><strong>#05 &#8211; Le retour<\/strong><\/br>Une id\u00e9e du sentier menant au <em>lookout<\/em>.<\/p>\n<div id='photocom' style='text-align: right'><a href='#commentform' title='Commenter cette photo'><img src='..\/k-images\/comment-bubble.png' type='button' onclick='CommentPhoto(&#34; Photo #05 - Le retour&#34;)'><\/a><\/div>\n<\/td>\n<\/tr>\n<\/table>\n<table style='background-color: #f9f9f9; font-weight: bold; color: black'>\n<tr>\n<td>\n<a href='..\/k-php\/voir-photos.php?rep=k-photos&#038;voy=nz_2013&#038;jrs=15&#038;grd=g&#038;num=6'><img style='margin-left: 10px; margin-right: 10px; border: 5px double black; background-color: white' src='..\/k-photos\/nz_2013\/j15_v\/KP20130131_150156C_4.JPG' alt='photo no 6' align=left><\/a><strong>#06 &#8211; Le retour<\/strong><\/br>M\u00eame description, mais remarquer cet arbre majestueux.<\/p>\n<div id='photocom' style='text-align: right'><a href='#commentform' title='Commenter cette photo'><img src='..\/k-images\/comment-bubble.png' type='button' onclick='CommentPhoto(&#34; Photo #06 - Le retour&#34;)'><\/a><\/div>\n<\/td>\n<\/tr>\n<\/table>\n<table style='background-color: #f9f9f9; font-weight: bold; color: black'>\n<tr>\n<td>\n<a href='..\/k-php\/voir-photos.php?rep=k-photos&#038;voy=nz_2013&#038;jrs=15&#038;grd=g&#038;num=7'><img style='margin-left: 10px; margin-right: 10px; border: 5px double black; background-color: white' src='..\/k-photos\/nz_2013\/j15_v\/KP20130131_154302C_4.JPG' alt='photo no 7' align=left><\/a><strong>#07 &#8211; Sur le route vers Te Marua<\/strong><\/br>Paysage typique de la r\u00e9gion.<\/p>\n<div id='photocom' style='text-align: right'><a href='#commentform' title='Commenter cette photo'><img src='..\/k-images\/comment-bubble.png' type='button' onclick='CommentPhoto(&#34; Photo #07 - Sur le route vers Te Marua&#34;)'><\/a><\/div>\n<\/td>\n<\/tr>\n<\/table>\n<\/td>\n<\/tr>\n<\/table>\n<p style='font-size: 12pt; font-style: bold; text-align: right; margin-right: 80px'><strong>&Eacute;dit&eacute; par: &#169; Klode P. (www.klodep.ca)<\/strong><\/p>\n","protected":false},"excerpt":{"rendered":"<p>Photos prises le 31 janvier lors de ma randonn\u00e9e pour atteindre le sommet du mont Holdsworth \u00e0 1740 m\u00e8tres dans les Tararua Range. Diaporama #01 &#8211; D\u00e9but du sentierMenant \u00e0 diff\u00e9rentes intersections de sentiers possibles dans ce parc. &#8194;#02 &#8211; &hellip; <a href=\"https:\/\/nz2013.klodep.ca\/wrdpnz2013\/?page_id=1477\">Continuer la lecture <span class=\"meta-nav\">&rarr;<\/span><\/a><\/p>\n","protected":false},"author":1,"featured_media":0,"parent":0,"menu_order":0,"comment_status":"open","ping_status":"closed","template":"","meta":{"footnotes":""},"class_list":["post-1477","page","type-page","status-publish","hentry"],"_links":{"self":[{"href":"https:\/\/nz2013.klodep.ca\/wrdpnz2013\/index.php?rest_route=\/wp\/v2\/pages\/1477","targetHints":{"allow":["GET"]}}],"collection":[{"href":"https:\/\/nz2013.klodep.ca\/wrdpnz2013\/index.php?rest_route=\/wp\/v2\/pages"}],"about":[{"href":"https:\/\/nz2013.klodep.ca\/wrdpnz2013\/index.php?rest_route=\/wp\/v2\/types\/page"}],"author":[{"embeddable":true,"href":"https:\/\/nz2013.klodep.ca\/wrdpnz2013\/index.php?rest_route=\/wp\/v2\/users\/1"}],"replies":[{"embeddable":true,"href":"https:\/\/nz2013.klodep.ca\/wrdpnz2013\/index.php?rest_route=%2Fwp%2Fv2%2Fcomments&post=1477"}],"version-history":[{"count":12,"href":"https:\/\/nz2013.klodep.ca\/wrdpnz2013\/index.php?rest_route=\/wp\/v2\/pages\/1477\/revisions"}],"predecessor-version":[{"id":1763,"href":"https:\/\/nz2013.klodep.ca\/wrdpnz2013\/index.php?rest_route=\/wp\/v2\/pages\/1477\/revisions\/1763"}],"wp:attachment":[{"href":"https:\/\/nz2013.klodep.ca\/wrdpnz2013\/index.php?rest_route=%2Fwp%2Fv2%2Fmedia&parent=1477"}],"curies":[{"name":"wp","href":"https:\/\/api.w.org\/{rel}","templated":true}]}}