{"id":1773,"date":"2013-02-17T04:31:38","date_gmt":"2013-02-17T09:31:38","guid":{"rendered":"http:\/\/klodep.ca\/NZ2013.php\/?page_id=1773"},"modified":"2013-02-17T14:38:22","modified_gmt":"2013-02-17T19:38:22","slug":"de-greymouth-vers-arthurs-pass","status":"publish","type":"page","link":"https:\/\/nz2013.klodep.ca\/wrdpnz2013\/?page_id=1773","title":{"rendered":"De Greymouth vers Arthur&rsquo;s Pass"},"content":{"rendered":"<p>Photos prises le 09 f\u00e9vrier sur la route entre Greymouth et Arthur&rsquo;s Pass.<\/p>\n<p><script>\nfunction CommentPhoto(idphoto)\n{\ndocument.getElementById(\"comment\").innerHTML=idphoto;\n}\n<\/script><\/p>\n<div id='diaporama' style='text-align: right'>\n<a href='..\/k-php\/voir-photos.php?rep=k-photos&#038;voy=nz_2013&#038;jrs=23&#038;grd=g&#038;num=1'><button type='button' onclick=''>Diaporama<\/button><\/a>\n<\/div>\n<table style='width: 120%; background-color: white; border-style: none'>\n<tr>\n<td>\n<table style='background-color: #f9f9f9; font-weight: bold; color: black'>\n<tr>\n<td>\n<a href='..\/k-php\/voir-photos.php?rep=k-photos&#038;voy=nz_2013&#038;jrs=23&#038;grd=g&#038;num=1'><img style='margin-left: 10px; margin-right: 10px; border: 5px double black; background-color: white' src='..\/k-photos\/nz_2013\/j23_v\/JP20130209_115026C_3.JPG' alt='photo no 1' align=left><\/a><strong>#01 &#8211; Taverne de Jackson&rsquo;s<\/strong><\/br>Sur la route en montant vers Arthur&rsquo;s Pass.<\/br>En op\u00e9ration depuis 1868.<\/p>\n<div id='photocom' style='text-align: right'><a href='#commentform' title='Commenter cette photo'><img src='..\/k-images\/comment-bubble.png' type='button' onclick='CommentPhoto(&#34; Photo #01 - Taverne de Jackson's&#34;)'><\/a><\/div>\n<\/td>\n<\/tr>\n<\/table>\n<table style='background-color: #f9f9f9; font-weight: bold; color: black'>\n<tr>\n<td>\n<a href='..\/k-php\/voir-photos.php?rep=k-photos&#038;voy=nz_2013&#038;jrs=23&#038;grd=g&#038;num=2'><img style='margin-left: 10px; margin-right: 10px; border: 5px double black; background-color: white' src='..\/k-photos\/nz_2013\/j23_v\/KP20130209_113018C_3.JPG' alt='photo no 2' align=left><\/a><strong>#02 &#8211; Taverne de Jackson&rsquo;s<\/strong><\/br>Le bar \u00e0 l&rsquo;int\u00e9rieur de la taverne.<\/p>\n<div id='photocom' style='text-align: right'><a href='#commentform' title='Commenter cette photo'><img src='..\/k-images\/comment-bubble.png' type='button' onclick='CommentPhoto(&#34; Photo #02 - Taverne de Jackson's&#34;)'><\/a><\/div>\n<\/td>\n<\/tr>\n<\/table>\n<table style='background-color: #f9f9f9; font-weight: bold; color: black'>\n<tr>\n<td>\n<a href='..\/k-php\/voir-photos.php?rep=k-photos&#038;voy=nz_2013&#038;jrs=23&#038;grd=g&#038;num=3'><img style='margin-left: 10px; margin-right: 10px; border: 5px double black; background-color: white' src='..\/k-photos\/nz_2013\/j23_v\/KP20130209_113118C_3.JPG' alt='photo no 3' align=left><\/a><strong>#03 &#8211; Taverne de Jackson&rsquo;s<\/strong><\/br>La salle \u00e0 manger et le foyer \u00e0 l&rsquo;int\u00e9rieur de la taverne.<\/p>\n<div id='photocom' style='text-align: right'><a href='#commentform' title='Commenter cette photo'><img src='..\/k-images\/comment-bubble.png' type='button' onclick='CommentPhoto(&#34; Photo #03 - Taverne de Jackson's&#34;)'><\/a><\/div>\n<\/td>\n<\/tr>\n<\/table>\n<table style='background-color: #f9f9f9; font-weight: bold; color: black'>\n<tr>\n<td>\n<a href='..\/k-php\/voir-photos.php?rep=k-photos&#038;voy=nz_2013&#038;jrs=23&#038;grd=g&#038;num=4'><img style='margin-left: 10px; margin-right: 10px; border: 5px double black; background-color: white' src='..\/k-photos\/nz_2013\/j23_v\/KP20130209_120515C_3.JPG' alt='photo no 4' align=left><\/a><strong>#04 &#8211; Pr\u00e8s d&rsquo;Otira<\/strong><\/br>Chemin de fer longeant la route menant \u00e0 Arthur&rsquo;s Pass.<\/br>Ce train relie la c\u00f4te Ouest avec la c\u00f4te Est jusqu&rsquo;\u00e0 Christchurch.<\/p>\n<div id='photocom' style='text-align: right'><a href='#commentform' title='Commenter cette photo'><img src='..\/k-images\/comment-bubble.png' type='button' onclick='CommentPhoto(&#34; Photo #04 - Pr\u00e8s d'Otira&#34;)'><\/a><\/div>\n<\/td>\n<\/tr>\n<\/table>\n<table style='background-color: #f9f9f9; font-weight: bold; color: black'>\n<tr>\n<td>\n<a href='..\/k-php\/voir-photos.php?rep=k-photos&#038;voy=nz_2013&#038;jrs=23&#038;grd=g&#038;num=5'><img style='margin-left: 10px; margin-right: 10px; border: 5px double black; background-color: white' src='..\/k-photos\/nz_2013\/j23_v\/KP20130209_121425C_3.JPG' alt='photo no 5' align=left><\/a><strong>#05 &#8211; Pr\u00e8s d&rsquo;Otira<\/strong><\/br>Montagnes vers <em>Arthur&rsquo;s Pass National Park<\/em>.<\/p>\n<div id='photocom' style='text-align: right'><a href='#commentform' title='Commenter cette photo'><img src='..\/k-images\/comment-bubble.png' type='button' onclick='CommentPhoto(&#34; Photo #05 - Pr\u00e8s d'Otira&#34;)'><\/a><\/div>\n<\/td>\n<\/tr>\n<\/table>\n<table style='background-color: #f9f9f9; font-weight: bold; color: black'>\n<tr>\n<td>\n<a href='..\/k-php\/voir-photos.php?rep=k-photos&#038;voy=nz_2013&#038;jrs=23&#038;grd=g&#038;num=6'><img style='margin-left: 10px; margin-right: 10px; border: 5px double black; background-color: white' src='..\/k-photos\/nz_2013\/j23_v\/KP20130209_123726C_3.JPG' alt='photo no 6' align=left><\/a><strong>#06 &#8211; Pr\u00e8s d&rsquo;Otira<\/strong><\/br>Montagnes vers <em>Arthur&rsquo;s Pass National Park<\/em>.<\/p>\n<div id='photocom' style='text-align: right'><a href='#commentform' title='Commenter cette photo'><img src='..\/k-images\/comment-bubble.png' type='button' onclick='CommentPhoto(&#34; Photo #06 - Pr\u00e8s d'Otira&#34;)'><\/a><\/div>\n<\/td>\n<\/tr>\n<\/table>\n<table style='background-color: #f9f9f9; font-weight: bold; color: black'>\n<tr>\n<td>\n<a href='..\/k-php\/voir-photos.php?rep=k-photos&#038;voy=nz_2013&#038;jrs=23&#038;grd=g&#038;num=7'><img style='margin-left: 10px; margin-right: 10px; border: 5px double black; background-color: white' src='..\/k-photos\/nz_2013\/j23_v\/KP20130209_124446C_3.JPG' alt='photo no 7' align=left><\/a><strong>#07 &#8211; Pr\u00e8s d&rsquo;Otira<\/strong><\/br>Route accroch\u00e9e \u00e0 la montagne et ch\u00fbte d&rsquo;eau passant par dessus la route.<\/p>\n<div id='photocom' style='text-align: right'><a href='#commentform' title='Commenter cette photo'><img src='..\/k-images\/comment-bubble.png' type='button' onclick='CommentPhoto(&#34; Photo #07 - Pr\u00e8s d'Otira&#34;)'><\/a><\/div>\n<\/td>\n<\/tr>\n<\/table>\n<table style='background-color: #f9f9f9; font-weight: bold; color: black'>\n<tr>\n<td>\n<a href='..\/k-php\/voir-photos.php?rep=k-photos&#038;voy=nz_2013&#038;jrs=23&#038;grd=g&#038;num=8'><img style='margin-left: 10px; margin-right: 10px; border: 5px double black; background-color: white' src='..\/k-photos\/nz_2013\/j23_v\/KP20130209_125700C_3.JPG' alt='photo no 8' align=left><\/a><strong>#08 &#8211; Viaduc d&rsquo;Otira<\/strong><\/br>Construit en 1971 pour franchir la vall\u00e9e.<\/p>\n<div id='photocom' style='text-align: right'><a href='#commentform' title='Commenter cette photo'><img src='..\/k-images\/comment-bubble.png' type='button' onclick='CommentPhoto(&#34; Photo #08 - Viaduc d'Otira&#34;)'><\/a><\/div>\n<\/td>\n<\/tr>\n<\/table>\n<\/td>\n<\/tr>\n<\/table>\n<p style='font-size: 12pt; font-style: bold; text-align: right; margin-right: 80px'><strong>&Eacute;dit&eacute; par: &#169; Klode P. (www.klodep.ca)<\/strong><\/p>\n","protected":false},"excerpt":{"rendered":"<p>Photos prises le 09 f\u00e9vrier sur la route entre Greymouth et Arthur&rsquo;s Pass. Diaporama #01 &#8211; Taverne de Jackson&rsquo;sSur la route en montant vers Arthur&rsquo;s Pass.En op\u00e9ration depuis 1868. #03 &#8211; Taverne de Jackson&rsquo;sLa salle \u00e0 manger et le foyer &hellip; <a href=\"https:\/\/nz2013.klodep.ca\/wrdpnz2013\/?page_id=1773\">Continuer la lecture <span class=\"meta-nav\">&rarr;<\/span><\/a><\/p>\n","protected":false},"author":1,"featured_media":0,"parent":0,"menu_order":0,"comment_status":"open","ping_status":"closed","template":"","meta":{"footnotes":""},"class_list":["post-1773","page","type-page","status-publish","hentry"],"_links":{"self":[{"href":"https:\/\/nz2013.klodep.ca\/wrdpnz2013\/index.php?rest_route=\/wp\/v2\/pages\/1773","targetHints":{"allow":["GET"]}}],"collection":[{"href":"https:\/\/nz2013.klodep.ca\/wrdpnz2013\/index.php?rest_route=\/wp\/v2\/pages"}],"about":[{"href":"https:\/\/nz2013.klodep.ca\/wrdpnz2013\/index.php?rest_route=\/wp\/v2\/types\/page"}],"author":[{"embeddable":true,"href":"https:\/\/nz2013.klodep.ca\/wrdpnz2013\/index.php?rest_route=\/wp\/v2\/users\/1"}],"replies":[{"embeddable":true,"href":"https:\/\/nz2013.klodep.ca\/wrdpnz2013\/index.php?rest_route=%2Fwp%2Fv2%2Fcomments&post=1773"}],"version-history":[{"count":6,"href":"https:\/\/nz2013.klodep.ca\/wrdpnz2013\/index.php?rest_route=\/wp\/v2\/pages\/1773\/revisions"}],"predecessor-version":[{"id":2463,"href":"https:\/\/nz2013.klodep.ca\/wrdpnz2013\/index.php?rest_route=\/wp\/v2\/pages\/1773\/revisions\/2463"}],"wp:attachment":[{"href":"https:\/\/nz2013.klodep.ca\/wrdpnz2013\/index.php?rest_route=%2Fwp%2Fv2%2Fmedia&parent=1773"}],"curies":[{"name":"wp","href":"https:\/\/api.w.org\/{rel}","templated":true}]}}