{"id":2,"date":"2012-11-29T16:56:15","date_gmt":"2012-11-29T21:56:15","guid":{"rendered":"http:\/\/klodep.ca\/wordpress\/?page_id=2"},"modified":"2025-07-07T09:44:37","modified_gmt":"2025-07-07T14:44:37","slug":"page-d-exemple","status":"publish","type":"page","link":"https:\/\/nz2013.klodep.ca\/wrdpnz2013\/?page_id=2","title":{"rendered":"Accueil"},"content":{"rendered":"<h1 style=\"text-align: center;\">Bienvenue sur ce blogue<\/h1>\n<p>Le 14 janvier 2013, \u00e0 partir de l&rsquo;a\u00e9roport de Montr\u00e9al (Canada) j&#8217;embarque sur un vol qui m\u2019am\u00e8nera en Nouvelle-Z\u00e9lande pour une dur\u00e9e de 60 jours.\u00a0Ce blogue me servira de journal de voyage. Tout au cours de ce p\u00e9riple, autant que possible, \u00e0 chaque jour, via la publication d&rsquo;articles, je vais tenter d&rsquo;y consigner les moments v\u00e9cus dans la journ\u00e9e. Une galerie de photos me permettra aussi de vous pr\u00e9senter mes meilleures photos du jour.<\/p>\n<p>Comme ce journal a le format d&rsquo;un blogue, en plus de vous permettre de me suivre \u00e0 chaque jour, il vous sera aussi possible de faire vos commentaires sur les diff\u00e9rents articles que je vais publier de m\u00eame que sur mes photos du jour.<\/p>\n<p>Durant mon voyage, je compte visiter les diff\u00e9rentes r\u00e9gions de chacune des deux grandes \u00eeles que forment la Nouvelle-Z\u00e9lande. Pour mes d\u00e9placements, j&rsquo;ai fait la location d&rsquo;une voiture pour parcourir les grandes distances. Puisque j\u2019am\u00e8ne avec moi mon v\u00e9lo, je vais pouvoir explorer de plus pr\u00e8s des recoins du pays qui souvent nous \u00e9chappent en voiture. J&rsquo;entrevois aussi d&rsquo;y parcourir \u00e0 pied quelques sentiers en montagne. Comme h\u00e9bergement, je vais privil\u00e9gier principalement le camping.<\/p>\n<p>Sur ce, bienvenue sur mon blogue et au plaisir de lire vos commentaires.<\/p>\n<p><strong>N.B.<\/strong> Pour de l&rsquo;aide concernant ce blogue, cliquer sur ce lien : <a href=\"https:\/\/nz2013.klodep.ca\/wrdpnz2013\/?page_id=378\">plan du site<\/a>. (Aussi disponible sous le menu \u00abAccueil\u00bb).<\/p>\n<p style=\"text-align: right;\">\u00a9 Klode P.<\/p>\n","protected":false},"excerpt":{"rendered":"<p>Bienvenue sur ce blogue Le 14 janvier 2013, \u00e0 partir de l&rsquo;a\u00e9roport de Montr\u00e9al (Canada) j&#8217;embarque sur un vol qui m\u2019am\u00e8nera en Nouvelle-Z\u00e9lande pour une dur\u00e9e de 60 jours.\u00a0Ce blogue me servira de journal de voyage. Tout au cours de &hellip; <a href=\"https:\/\/nz2013.klodep.ca\/wrdpnz2013\/?page_id=2\">Continuer la lecture <span class=\"meta-nav\">&rarr;<\/span><\/a><\/p>\n","protected":false},"author":1,"featured_media":0,"parent":0,"menu_order":0,"comment_status":"closed","ping_status":"closed","template":"showcase.php","meta":{"footnotes":""},"class_list":["post-2","page","type-page","status-publish","hentry"],"_links":{"self":[{"href":"https:\/\/nz2013.klodep.ca\/wrdpnz2013\/index.php?rest_route=\/wp\/v2\/pages\/2","targetHints":{"allow":["GET"]}}],"collection":[{"href":"https:\/\/nz2013.klodep.ca\/wrdpnz2013\/index.php?rest_route=\/wp\/v2\/pages"}],"about":[{"href":"https:\/\/nz2013.klodep.ca\/wrdpnz2013\/index.php?rest_route=\/wp\/v2\/types\/page"}],"author":[{"embeddable":true,"href":"https:\/\/nz2013.klodep.ca\/wrdpnz2013\/index.php?rest_route=\/wp\/v2\/users\/1"}],"replies":[{"embeddable":true,"href":"https:\/\/nz2013.klodep.ca\/wrdpnz2013\/index.php?rest_route=%2Fwp%2Fv2%2Fcomments&post=2"}],"version-history":[{"count":32,"href":"https:\/\/nz2013.klodep.ca\/wrdpnz2013\/index.php?rest_route=\/wp\/v2\/pages\/2\/revisions"}],"predecessor-version":[{"id":2465,"href":"https:\/\/nz2013.klodep.ca\/wrdpnz2013\/index.php?rest_route=\/wp\/v2\/pages\/2\/revisions\/2465"}],"wp:attachment":[{"href":"https:\/\/nz2013.klodep.ca\/wrdpnz2013\/index.php?rest_route=%2Fwp%2Fv2%2Fmedia&parent=2"}],"curies":[{"name":"wp","href":"https:\/\/api.w.org\/{rel}","templated":true}]}}