{"id":361,"date":"2013-01-12T20:14:07","date_gmt":"2013-01-13T01:14:07","guid":{"rendered":"http:\/\/klodep.ca\/?page_id=361"},"modified":"2013-07-30T13:41:33","modified_gmt":"2013-07-30T17:41:33","slug":"accueil","status":"publish","type":"page","link":"https:\/\/nz2013.klodep.ca\/wrdpnz2013\/?page_id=361","title":{"rendered":"Mon profil"},"content":{"rendered":"<table>\n<tr>\n<td><img decoding=\"async\" style=\"height: 225px; margin-right: 10pt\" src=\"http:\/\/nz2013.klodep.ca\/k-photos\/photo-profil.png\" alt=\"Ma photo de profil\" align=left \/><\/p>\n<p><strong style=\"font-size:xx-large; color:#dd0606\">Klode P. &#8211; Photographe amateur<\/strong><\/p>\n<p>Port d&rsquo;attache : Qu&eacute;bec (Canada)<\/p>\n<p>Les voyages : Pour moi, juste un bon pr&eacute;texte pour pratiquer mon loisir pr&eacute;f&eacute;r&eacute;.<\/p>\n<p><strong style=\"font-size:smaller; color:#dd0606\">Du 14 janvier au 18 mars 2013, suivez-moi en Nouvelle-Z\u00e9lande sur ce premier blogue.<\/strong><\/p>\n<\/td>\n<\/tr>\n<\/table>\n<p>Aussi loin que je me rappelle, j&rsquo;ai toujours aim\u00e9 explorer ce qu&rsquo;il y avait autour de moi. Tr\u00e8s t\u00f4t durant mon enfance, que ce soit \u00e0 pied ou \u00e0 v\u00e9lo, j&rsquo;allais explorer les lieux qui entouraient mon petit village natal pr\u00e8s de Drummondville. Mais c&rsquo;est \u00e0 l&rsquo;age de 13 ans que, pour une premi\u00e8re fois, j&rsquo;allais sortir de ce petit village natal pour me rendre dans un autre petit village du Qu\u00e9bec \u00ab\u00a0Causapscal\u00a0\u00bb situ\u00e9 dans la vall\u00e9e de la Matap\u00e9dia. Un parcours d&rsquo;un peu plus de 500 km. Septi\u00e8me d&rsquo;une famille de neuf enfants, la voiture ne pouvant contenir tout ce beau monde, le sort a voulu que je fasse parti du p\u00e9riple. \u00ab\u00a0Youpi! &#8211; Sauts de joie\u00a0\u00bb. C&rsquo;\u00e9tait aussi la premi\u00e8re fois que j&rsquo;allais y rencontrer ma grand-m\u00e8re. \u00ab\u00a0Excitant et angoissant \u00e0 la fois\u00a0\u00bb. Tout le voyage fut pour moi une source d&rsquo;\u00e9merveillement. Un de mes plus grands souvenirs durant le trajet fut de voir, en sortant de l&rsquo;auto, lors de notre premier arr\u00eat \u00e0 une halte routi\u00e8re en face de la ville de Qu\u00e9bec, l&rsquo;imposant pont de Qu\u00e9bec avec en arri\u00e8re plan la ville et les montagnes. \u00ab\u00a0Wow! &#8211; L&rsquo;\u00e9veil de l&rsquo;&oelig;il du photographe\u00a0\u00bb. Le trajet jusqu&rsquo;\u00e0 Causapscal alla ainsi de surprises en surprises. Finalement, la rencontre avec ma grand-m\u00e8re fut au d\u00e9but un peu angoissante puis ensuite excitante. Je ne l&rsquo;ai revue qu&rsquo;une seule autre fois par la suite.<\/p>\n<p>Tout cela pour vous dire que sans trop le savoir, avec la curiosit\u00e9 qui m&rsquo;anime depuis mon enfance, c&rsquo;est probablement au cours de cette premi\u00e8re escapade avec mes parents que le go\u00fbt des voyages a commenc\u00e9 \u00e0 s&rsquo;installer en moi. Depuis, les voyages se sont accumul\u00e9s et ma passion pour la photographie est venue prendre une grande place dans chacun de ces voyages.<\/p>\n<p>Voici une liste de mes voyages : <\/p>\n<ul>\n<li>1964 &#8211; Au Qu\u00e9bec : Caupsapscal (Mon premier &#8211; avec mes parents)<\/li>\n<li>1967 \u00e0 1975 &#8211; Au Qu\u00e9bec :<\/li>\n<p>La p\u00e9riode durant laquelle je voyage sur le pouce, seul ou avec des copains. En 1967, je me rends \u00e0 Montr\u00e9al sur le site de l&rsquo;exposition universelle. Un premier contact avec le <strong><em>Monde<\/em><\/strong> qui s&rsquo;\u00e9tale devant moi. Apr\u00e8s, la Gasp\u00e9sie m&rsquo;attire. Il me faudra 3 essais infructueux avant de finalement m&rsquo;y rendre. En 1975, je d\u00e9barque aux \u00celes de la Madeleine.<\/p>\n<li>1976 &#8211; Canada : L&rsquo;ouest canadien (Alberta et Colombie-Britannique)<\/li>\n<li>1979 &#8211; Espagne (r&eacute;gion andalouse) et Maroc\n<\/li>\n<li>1992 \u00e0 2007 &#8211; Le Canada &#8211; D&rsquo;un oc\u00e9an \u00e0 l&rsquo;autre<\/li>\n<p>P\u00e9riode pendant laquelle, durant un mois \u00e0 chaque ann\u00e9e, ma conjointe, mes trois enfants et moi, quelques fois avec des amis, avons visit\u00e9s le Canada d&rsquo;un oc\u00e9an \u00e0 l&rsquo;autre. Toujours en allant de terrains camping en terrains camping et en se mettant comme d\u00e9fi \u00e0 chaque escapade, des sentiers \u00e0 parcourir, une montagne \u00e0 gravir, un monde \u00e0 d\u00e9couvrir.<\/p>\n<blockquote><p>Mon d\u00e9fi \u00e9tant aussi de donner \u00e0 mes compagnons de voyage, le go\u00fbt de l&rsquo;aventure.<\/p><\/blockquote>\n<li>2007 &#8211; \u00c9tats-Unis : New-York \u00e0 P\u00e2ques avec des amis<\/li>\n<li>2008 &#8211; France : La Provence \/ Les Alpes \/ Paris<\/li>\n<li>2009 &#8211; Cuba : Cayo Santa-Maria<\/li>\n<li>2009 &#8211; France : La Corse<\/li>\n<li>2010 &#8211; Suisse : Le tour (presque complet) \u00e0 partir de Lausanne, notre point d&rsquo;attache chez nos amis<\/li>\n<li>2010 &#8211; N\u00e9pal : Le circuit Everest via les lacs de Gokyo<\/li>\n<li>2011 &#8211; Cuba : Retour \u00e0 Cayo Santa-Maria : Un grand besoin d&rsquo;\u00e9nergie solaire dans ce cas-ci<\/li>\n<li>2012 &#8211; Vietnam : \u00c0 v\u00e9lo<\/li>\n<li>2012 &#8211; France : La Corse &#8211; La travers\u00e9e du GR20 du Sud au Nord<\/li>\n<\/ul>\n<p>Un de mes buts : augmenter cette liste.<\/p>\n<p style=\"text-align: right\">&copy; Klode P.<\/p>\n","protected":false},"excerpt":{"rendered":"<p>Klode P. &#8211; Photographe amateur Port d&rsquo;attache : Qu&eacute;bec (Canada) Les voyages : Pour moi, juste un bon pr&eacute;texte pour pratiquer mon loisir pr&eacute;f&eacute;r&eacute;. Du 14 janvier au 18 mars 2013, suivez-moi en Nouvelle-Z\u00e9lande sur ce premier blogue. Aussi loin &hellip; <a href=\"https:\/\/nz2013.klodep.ca\/wrdpnz2013\/?page_id=361\">Continuer la lecture <span class=\"meta-nav\">&rarr;<\/span><\/a><\/p>\n","protected":false},"author":1,"featured_media":0,"parent":0,"menu_order":0,"comment_status":"open","ping_status":"closed","template":"showcase.php","meta":{"footnotes":""},"class_list":["post-361","page","type-page","status-publish","hentry"],"_links":{"self":[{"href":"https:\/\/nz2013.klodep.ca\/wrdpnz2013\/index.php?rest_route=\/wp\/v2\/pages\/361","targetHints":{"allow":["GET"]}}],"collection":[{"href":"https:\/\/nz2013.klodep.ca\/wrdpnz2013\/index.php?rest_route=\/wp\/v2\/pages"}],"about":[{"href":"https:\/\/nz2013.klodep.ca\/wrdpnz2013\/index.php?rest_route=\/wp\/v2\/types\/page"}],"author":[{"embeddable":true,"href":"https:\/\/nz2013.klodep.ca\/wrdpnz2013\/index.php?rest_route=\/wp\/v2\/users\/1"}],"replies":[{"embeddable":true,"href":"https:\/\/nz2013.klodep.ca\/wrdpnz2013\/index.php?rest_route=%2Fwp%2Fv2%2Fcomments&post=361"}],"version-history":[{"count":35,"href":"https:\/\/nz2013.klodep.ca\/wrdpnz2013\/index.php?rest_route=\/wp\/v2\/pages\/361\/revisions"}],"predecessor-version":[{"id":366,"href":"https:\/\/nz2013.klodep.ca\/wrdpnz2013\/index.php?rest_route=\/wp\/v2\/pages\/361\/revisions\/366"}],"wp:attachment":[{"href":"https:\/\/nz2013.klodep.ca\/wrdpnz2013\/index.php?rest_route=%2Fwp%2Fv2%2Fmedia&parent=361"}],"curies":[{"name":"wp","href":"https:\/\/api.w.org\/{rel}","templated":true}]}}